{"id":2189,"date":"2021-02-04T09:45:54","date_gmt":"2021-02-04T08:45:54","guid":{"rendered":"https:\/\/www.ericseva.com\/?post_type=product&#038;p=2189"},"modified":"2021-02-04T19:05:17","modified_gmt":"2021-02-04T18:05:17","slug":"pack-3-albums","status":"publish","type":"product","link":"https:\/\/www.ericseva.com\/en\/produit\/pack-3-albums\/","title":{"rendered":"Pack 3 albums"},"content":{"rendered":"<p>Comprend Folklores imaginaires, Espaces crois\u00e9s et Nomade Sonore.<\/p>\n","protected":false},"excerpt":{"rendered":"<p>Comprend les disques Folklores imaginaires, Espaces crois\u00e9s et Nomade Sonore.<\/p>\n","protected":false},"featured_media":2193,"template":"","meta":{"_EventAllDay":false,"_EventTimezone":"","_EventStartDate":"","_EventEndDate":"","_EventStartDateUTC":"","_EventEndDateUTC":"","_EventShowMap":false,"_EventShowMapLink":false,"_EventURL":"","_EventCost":"","_EventCostDescription":"","_EventCurrencySymbol":"","_EventCurrencyCode":"","_EventCurrencyPosition":"","_EventDateTimeSeparator":"","_EventTimeRangeSeparator":"","_EventOrganizerID":[],"_EventVenueID":[],"_OrganizerEmail":"","_OrganizerPhone":"","_OrganizerWebsite":"","_VenueAddress":"","_VenueCity":"","_VenueCountry":"","_VenueProvince":"","_VenueState":"","_VenueZip":"","_VenuePhone":"","_VenueURL":"","_VenueStateProvince":"","_VenueLat":"","_VenueLng":"","_VenueShowMap":false,"_VenueShowMapLink":false},"product_cat":[86],"product_tag":[],"yoast_head":"<!-- This site is optimized with the Yoast SEO plugin v22.6 - https:\/\/yoast.com\/wordpress\/plugins\/seo\/ -->\n<title>Pack 3 albums &#8211; \u00c9ric S\u00e9va<\/title>\n<meta name=\"description\" content=\"Comprend les disques Folklores imaginaires, Espaces crois\u00e9s et Nomade Sonore.\" \/>\n<meta name=\"robots\" content=\"index, follow, max-snippet:-1, max-image-preview:large, max-video-preview:-1\" \/>\n<link rel=\"canonical\" href=\"https:\/\/www.ericseva.com\/produit\/pack-3-albums\/\" \/>\n<meta property=\"og:locale\" content=\"en_US\" \/>\n<meta property=\"og:type\" content=\"article\" \/>\n<meta property=\"og:title\" content=\"Pack 3 albums &#8211; \u00c9ric S\u00e9va\" \/>\n<meta property=\"og:description\" content=\"Comprend les disques Folklores imaginaires, Espaces crois\u00e9s et Nomade Sonore.\" \/>\n<meta property=\"og:url\" content=\"https:\/\/www.ericseva.com\/produit\/pack-3-albums\/\" \/>\n<meta property=\"og:site_name\" content=\"\u00c9ric S\u00e9va\" \/>\n<meta property=\"article:publisher\" content=\"https:\/\/www.facebook.com\/EricSevaSaxophonisteCompositeur\/\" \/>\n<meta property=\"article:modified_time\" content=\"2021-02-04T18:05:17+00:00\" \/>\n<meta property=\"og:image\" content=\"https:\/\/www.ericseva.com\/wp-content\/uploads\/2021\/02\/pack_3_premiers_albums-scaled.jpg\" \/>\n\t<meta property=\"og:image:width\" content=\"2560\" \/>\n\t<meta property=\"og:image:height\" content=\"2560\" \/>\n\t<meta property=\"og:image:type\" content=\"image\/jpeg\" \/>\n<meta name=\"twitter:card\" content=\"summary_large_image\" \/>\n<meta name=\"twitter:label1\" content=\"Est. reading time\" \/>\n\t<meta name=\"twitter:data1\" content=\"1 minute\" \/>\n<script type=\"application\/ld+json\" class=\"yoast-schema-graph\">{\"@context\":\"https:\/\/schema.org\",\"@graph\":[{\"@type\":\"WebPage\",\"@id\":\"https:\/\/www.ericseva.com\/produit\/pack-3-albums\/\",\"url\":\"https:\/\/www.ericseva.com\/produit\/pack-3-albums\/\",\"name\":\"Pack 3 albums &#8211; \u00c9ric S\u00e9va\",\"isPartOf\":{\"@id\":\"https:\/\/www.ericseva.com\/en\/#website\"},\"primaryImageOfPage\":{\"@id\":\"https:\/\/www.ericseva.com\/produit\/pack-3-albums\/#primaryimage\"},\"image\":{\"@id\":\"https:\/\/www.ericseva.com\/produit\/pack-3-albums\/#primaryimage\"},\"thumbnailUrl\":\"https:\/\/www.ericseva.com\/wp-content\/uploads\/2021\/02\/pack_3_premiers_albums-scaled.jpg\",\"datePublished\":\"2021-02-04T08:45:54+00:00\",\"dateModified\":\"2021-02-04T18:05:17+00:00\",\"description\":\"Comprend les disques Folklores imaginaires, Espaces crois\u00e9s et Nomade Sonore.\",\"breadcrumb\":{\"@id\":\"https:\/\/www.ericseva.com\/produit\/pack-3-albums\/#breadcrumb\"},\"inLanguage\":\"en-US\",\"potentialAction\":[{\"@type\":\"ReadAction\",\"target\":[\"https:\/\/www.ericseva.com\/produit\/pack-3-albums\/\"]}]},{\"@type\":\"ImageObject\",\"inLanguage\":\"en-US\",\"@id\":\"https:\/\/www.ericseva.com\/produit\/pack-3-albums\/#primaryimage\",\"url\":\"https:\/\/www.ericseva.com\/wp-content\/uploads\/2021\/02\/pack_3_premiers_albums-scaled.jpg\",\"contentUrl\":\"https:\/\/www.ericseva.com\/wp-content\/uploads\/2021\/02\/pack_3_premiers_albums-scaled.jpg\",\"width\":2560,\"height\":2560,\"caption\":\"3 premiers albums \u00c9ric S\u00e9va\"},{\"@type\":\"BreadcrumbList\",\"@id\":\"https:\/\/www.ericseva.com\/produit\/pack-3-albums\/#breadcrumb\",\"itemListElement\":[{\"@type\":\"ListItem\",\"position\":1,\"name\":\"Accueil\",\"item\":\"https:\/\/www.ericseva.com\/en\/\"},{\"@type\":\"ListItem\",\"position\":2,\"name\":\"Boutique\",\"item\":\"https:\/\/www.ericseva.com\/boutique\/\"},{\"@type\":\"ListItem\",\"position\":3,\"name\":\"Pack 3 albums\"}]},{\"@type\":\"WebSite\",\"@id\":\"https:\/\/www.ericseva.com\/en\/#website\",\"url\":\"https:\/\/www.ericseva.com\/en\/\",\"name\":\"\u00c9ric S\u00e9va\",\"description\":\"Saxophoniste et compositeur\",\"potentialAction\":[{\"@type\":\"SearchAction\",\"target\":{\"@type\":\"EntryPoint\",\"urlTemplate\":\"https:\/\/www.ericseva.com\/en\/?s={search_term_string}\"},\"query-input\":\"required name=search_term_string\"}],\"inLanguage\":\"en-US\"}]}<\/script>\n<!-- \/ Yoast SEO plugin. -->","yoast_head_json":{"title":"Pack 3 albums &#8211; \u00c9ric S\u00e9va","description":"Comprend les disques Folklores imaginaires, Espaces crois\u00e9s et Nomade Sonore.","robots":{"index":"index","follow":"follow","max-snippet":"max-snippet:-1","max-image-preview":"max-image-preview:large","max-video-preview":"max-video-preview:-1"},"canonical":"https:\/\/www.ericseva.com\/produit\/pack-3-albums\/","og_locale":"en_US","og_type":"article","og_title":"Pack 3 albums &#8211; \u00c9ric S\u00e9va","og_description":"Comprend les disques Folklores imaginaires, Espaces crois\u00e9s et Nomade Sonore.","og_url":"https:\/\/www.ericseva.com\/produit\/pack-3-albums\/","og_site_name":"\u00c9ric S\u00e9va","article_publisher":"https:\/\/www.facebook.com\/EricSevaSaxophonisteCompositeur\/","article_modified_time":"2021-02-04T18:05:17+00:00","og_image":[{"width":2560,"height":2560,"url":"https:\/\/www.ericseva.com\/wp-content\/uploads\/2021\/02\/pack_3_premiers_albums-scaled.jpg","type":"image\/jpeg"}],"twitter_card":"summary_large_image","twitter_misc":{"Est. reading time":"1 minute"},"schema":{"@context":"https:\/\/schema.org","@graph":[{"@type":"WebPage","@id":"https:\/\/www.ericseva.com\/produit\/pack-3-albums\/","url":"https:\/\/www.ericseva.com\/produit\/pack-3-albums\/","name":"Pack 3 albums &#8211; \u00c9ric S\u00e9va","isPartOf":{"@id":"https:\/\/www.ericseva.com\/en\/#website"},"primaryImageOfPage":{"@id":"https:\/\/www.ericseva.com\/produit\/pack-3-albums\/#primaryimage"},"image":{"@id":"https:\/\/www.ericseva.com\/produit\/pack-3-albums\/#primaryimage"},"thumbnailUrl":"https:\/\/www.ericseva.com\/wp-content\/uploads\/2021\/02\/pack_3_premiers_albums-scaled.jpg","datePublished":"2021-02-04T08:45:54+00:00","dateModified":"2021-02-04T18:05:17+00:00","description":"Comprend les disques Folklores imaginaires, Espaces crois\u00e9s et Nomade Sonore.","breadcrumb":{"@id":"https:\/\/www.ericseva.com\/produit\/pack-3-albums\/#breadcrumb"},"inLanguage":"en-US","potentialAction":[{"@type":"ReadAction","target":["https:\/\/www.ericseva.com\/produit\/pack-3-albums\/"]}]},{"@type":"ImageObject","inLanguage":"en-US","@id":"https:\/\/www.ericseva.com\/produit\/pack-3-albums\/#primaryimage","url":"https:\/\/www.ericseva.com\/wp-content\/uploads\/2021\/02\/pack_3_premiers_albums-scaled.jpg","contentUrl":"https:\/\/www.ericseva.com\/wp-content\/uploads\/2021\/02\/pack_3_premiers_albums-scaled.jpg","width":2560,"height":2560,"caption":"3 premiers albums \u00c9ric S\u00e9va"},{"@type":"BreadcrumbList","@id":"https:\/\/www.ericseva.com\/produit\/pack-3-albums\/#breadcrumb","itemListElement":[{"@type":"ListItem","position":1,"name":"Accueil","item":"https:\/\/www.ericseva.com\/en\/"},{"@type":"ListItem","position":2,"name":"Boutique","item":"https:\/\/www.ericseva.com\/boutique\/"},{"@type":"ListItem","position":3,"name":"Pack 3 albums"}]},{"@type":"WebSite","@id":"https:\/\/www.ericseva.com\/en\/#website","url":"https:\/\/www.ericseva.com\/en\/","name":"\u00c9ric S\u00e9va","description":"Saxophoniste et compositeur","potentialAction":[{"@type":"SearchAction","target":{"@type":"EntryPoint","urlTemplate":"https:\/\/www.ericseva.com\/en\/?s={search_term_string}"},"query-input":"required name=search_term_string"}],"inLanguage":"en-US"}]}},"_links":{"self":[{"href":"https:\/\/www.ericseva.com\/en\/wp-json\/wp\/v2\/product\/2189"}],"collection":[{"href":"https:\/\/www.ericseva.com\/en\/wp-json\/wp\/v2\/product"}],"about":[{"href":"https:\/\/www.ericseva.com\/en\/wp-json\/wp\/v2\/types\/product"}],"wp:featuredmedia":[{"embeddable":true,"href":"https:\/\/www.ericseva.com\/en\/wp-json\/wp\/v2\/media\/2193"}],"wp:attachment":[{"href":"https:\/\/www.ericseva.com\/en\/wp-json\/wp\/v2\/media?parent=2189"}],"wp:term":[{"taxonomy":"product_cat","embeddable":true,"href":"https:\/\/www.ericseva.com\/en\/wp-json\/wp\/v2\/product_cat?post=2189"},{"taxonomy":"product_tag","embeddable":true,"href":"https:\/\/www.ericseva.com\/en\/wp-json\/wp\/v2\/product_tag?post=2189"}],"curies":[{"name":"wp","href":"https:\/\/api.w.org\/{rel}","templated":true}]}}